{"id":13088,"date":"2026-01-19T11:36:48","date_gmt":"2026-01-19T10:36:48","guid":{"rendered":"https:\/\/mvz-kreuzberg.de\/?page_id=13088"},"modified":"2026-02-07T13:45:11","modified_gmt":"2026-02-07T12:45:11","slug":"checkup","status":"publish","type":"page","link":"https:\/\/mvz-kreuzberg.de\/en\/checkup","title":{"rendered":"checkup"},"content":{"rendered":"<div class=\"fusion-fullwidth fullwidth-box fusion-builder-row-1 fusion-flex-container has-pattern-background has-mask-background nonhundred-percent-fullwidth non-hundred-percent-height-scrolling\" style=\"--awb-border-radius-top-left:0px;--awb-border-radius-top-right:0px;--awb-border-radius-bottom-right:0px;--awb-border-radius-bottom-left:0px;--awb-flex-wrap:wrap;\" ><div class=\"fusion-builder-row fusion-row fusion-flex-align-items-flex-start fusion-flex-content-wrap\" style=\"max-width:1216.8px;margin-left: calc(-4% \/ 2 );margin-right: calc(-4% \/ 2 );\"><div class=\"fusion-layout-column fusion_builder_column fusion-builder-column-0 fusion_builder_column_1_1 1_1 fusion-flex-column\" style=\"--awb-bg-size:cover;--awb-width-large:100%;--awb-margin-top-large:0px;--awb-spacing-right-large:1.92%;--awb-margin-bottom-large:30px;--awb-spacing-left-large:1.92%;--awb-width-medium:100%;--awb-order-medium:0;--awb-spacing-right-medium:1.92%;--awb-spacing-left-medium:1.92%;--awb-width-small:100%;--awb-order-small:0;--awb-spacing-right-small:1.92%;--awb-spacing-left-small:1.92%;\"><div class=\"fusion-column-wrapper fusion-column-has-shadow fusion-flex-justify-content-flex-start fusion-content-layout-column\"><div class=\"fusion-separator fusion-full-width-sep\" style=\"align-self: center;margin-left: auto;margin-right: auto;margin-top:109px;width:100%;\"><\/div><div class=\"fusion-title title fusion-title-1 fusion-sep-none fusion-title-text fusion-title-size-two\"><h2 class=\"fusion-title-heading title-heading-left fusion-responsive-typography-calculated\" style=\"margin:0;--fontSize:46;line-height:1.25;\"><p dir=\"ltr\" data-pm-slice=\"1 1 &#091;&#093;\">Gesundheits Check up<\/p><\/h2><\/div><div class=\"fusion-separator fusion-full-width-sep\" style=\"align-self: center;margin-left: auto;margin-right: auto;margin-top:10px;margin-bottom:10px;width:100%;\"><\/div><div class=\"fusion-text fusion-text-1\"><p dir=\"ltr\" data-pm-slice=\"1 1 &#091;&#093;\">Die kostenfreie Gesundheitsuntersuchung Ihrer Krankenkasse ist f\u00fcr Erwachsene ab 35 Jahren alle drei Jahre, einmalig von 18\u201334 Jahren m\u00f6glich. Dabei pr\u00fcfen wir u. a. Blutdruck, Herz-Kreislauf-Risiken, Laborbasiswerte und besprechen Ihren Lebensstil &amp; Impfstatus \u2013 ein strukturierter Check Ihrer Gesundheit.<\/p>\n<p dir=\"ltr\" data-pm-slice=\"1 1 &#091;&#093;\">Es gibt Unterschiedliche Gr\u00fcnde warum diese Vorsorgeuntersuchung sinnvoll ist, z.B.<\/p>\n<ul>\n<li>\u201eIch war ehrlich gesagt schon lange nicht mehr beim Arzt und wollte einfach mal checken lassen, ob alles in Ordnung ist.\u201c<\/li>\n<li data-start=\"161\" data-end=\"310\">\n<p data-start=\"163\" data-end=\"310\">\u201eIn meiner Familie gibt es mehrere F\u00e4lle von Diabetes. Ich wollte wissen, wie mein eigenes Risiko aussieht und ob ich fr\u00fchzeitig etwas tun kann.\u201c<\/p>\n<\/li>\n<li data-start=\"581\" data-end=\"708\">\n<p data-start=\"583\" data-end=\"708\">\u201eWie ist mein aktueller Gesundheitszustand und worauf sollte ich achten?\u201c<\/p>\n<\/li>\n<\/ul>\n<\/div><div class=\"fusion-separator fusion-full-width-sep\" style=\"align-self: center;margin-left: auto;margin-right: auto;margin-top:10px;margin-bottom:10px;width:100%;\"><\/div><div class=\"fusion-text fusion-text-2\"><h3 dir=\"ltr\">So funktioniert\u2019s \u2013 schnell und unkompliziert:<\/h3>\n<ol class=\"tight\" dir=\"ltr\" data-tight=\"true\">\n<li>\n<p dir=\"ltr\">Buchen Sie bitte in Doctolib einen Termin \u201e<strong>Check-up \u2013 Laboruntersuchung 1<\/strong>\u201c f\u00fcr die Blutabnahme.<\/p>\n<\/li>\n<li>\n<p dir=\"ltr\">Sobald die Laborwerte vorliegen, buchen Sie im Anschluss einen Arzttermin zur Untersuchung und Besprechung der Ergebnisse. W\u00e4hlen Sie hierf\u00fcr <strong>Befundbesprechung -&gt; Check Up &#8211; 2. Termin<\/strong> und achten Sie bei der Wahl der \u00c4rztin auf die gesprochenen Sprachen (falls n\u00f6tig).<\/p>\n<\/li>\n<\/ol>\n<p>Sie m\u00fcssen sich nach dem Check Up nicht an unsere Praxis binden, Sie erhalten Ihren Laborbefund f\u00fcr die Weiterbehandlung, z.B. bei einer Hausarztpraxis in g\u00fcnstigerer Wohnortn\u00e4he o\u00e4.<\/p>\n<\/div><\/div><\/div><div class=\"fusion-layout-column fusion_builder_column fusion-builder-column-1 fusion_builder_column_1_2 1_2 fusion-flex-column\" style=\"--awb-bg-size:cover;--awb-width-large:50%;--awb-margin-top-large:0px;--awb-spacing-right-large:3.84%;--awb-margin-bottom-large:30px;--awb-spacing-left-large:3.84%;--awb-width-medium:50%;--awb-order-medium:0;--awb-spacing-right-medium:3.84%;--awb-spacing-left-medium:3.84%;--awb-width-small:100%;--awb-order-small:0;--awb-spacing-right-small:1.92%;--awb-spacing-left-small:1.92%;\"><div class=\"fusion-column-wrapper fusion-column-has-shadow fusion-flex-justify-content-flex-start fusion-content-layout-column\"><div ><a class=\"fusion-button button-flat button-xlarge button-custom fusion-button-default button-1 fusion-button-span-yes\" style=\"--button_accent_color:#ffffff;--button_border_color:rgba(255,255,255,0);--button_accent_hover_color:#007395;--button_border_hover_color:#007395;--button_border_width-top:1px;--button_border_width-right:1px;--button_border_width-bottom:1px;--button_border_width-left:1px;--button_gradient_top_color:#057293;--button_gradient_bottom_color:#057293;--button_gradient_top_color_hover:#ffffff;--button_gradient_bottom_color_hover:#ffffff;\" target=\"_blank\" rel=\"noopener noreferrer\" href=\"https:\/\/www.doctolib.de\/medizinisches-versorgungszentrum-mvz\/berlin\/mvz-kreuzberg\/booking\/availabilities?specialityId=3819&amp;telehealth=false&amp;placeId=practice-59116&amp;insuranceSectorEnabled=true&amp;insuranceSector=public&amp;motiveCategoryIds%5B%5D=473260&amp;motiveIds%5B%5D=13723788&amp;bookingFunnelSource=profile\"><span class=\"fusion-button-text awb-button__text awb-button__text--default\">Check Up Termin 1 <\/span><\/a><\/div><\/div><\/div><div class=\"fusion-layout-column fusion_builder_column fusion-builder-column-2 fusion_builder_column_1_2 1_2 fusion-flex-column\" style=\"--awb-bg-size:cover;--awb-width-large:50%;--awb-margin-top-large:0px;--awb-spacing-right-large:3.84%;--awb-margin-bottom-large:30px;--awb-spacing-left-large:3.84%;--awb-width-medium:50%;--awb-order-medium:0;--awb-spacing-right-medium:3.84%;--awb-spacing-left-medium:3.84%;--awb-width-small:100%;--awb-order-small:0;--awb-spacing-right-small:1.92%;--awb-spacing-left-small:1.92%;\"><div class=\"fusion-column-wrapper fusion-column-has-shadow fusion-flex-justify-content-flex-start fusion-content-layout-column\"><div ><a class=\"fusion-button button-flat button-xlarge button-custom fusion-button-default button-2 fusion-button-span-yes\" style=\"--button_accent_color:#ffffff;--button_border_color:rgba(255,255,255,0);--button_accent_hover_color:#007395;--button_border_hover_color:#007395;--button_border_width-top:1px;--button_border_width-right:1px;--button_border_width-bottom:1px;--button_border_width-left:1px;--button_gradient_top_color:#057293;--button_gradient_bottom_color:#057293;--button_gradient_top_color_hover:#ffffff;--button_gradient_bottom_color_hover:#ffffff;\" target=\"_blank\" rel=\"noopener noreferrer\" href=\"https:\/\/www.doctolib.de\/medizinisches-versorgungszentrum-mvz\/berlin\/mvz-kreuzberg\/booking\/practitioners?specialityId=1286&amp;telehealth=false&amp;placeId=practice-59116&amp;insuranceSectorEnabled=true&amp;insuranceSector=public&amp;isNewPatient=false&amp;isNewPatientBlocked=false&amp;motiveCategoryIds%5B%5D=473280&amp;motiveIds%5B%5D=13769947&amp;bookingFunnelSource=profile\"><span class=\"fusion-button-text awb-button__text awb-button__text--default\">Check Up Termin 2<\/span><\/a><\/div><\/div><\/div><div class=\"fusion-layout-column fusion_builder_column fusion-builder-column-3 fusion_builder_column_1_1 1_1 fusion-flex-column\" style=\"--awb-bg-size:cover;--awb-width-large:100%;--awb-margin-top-large:0px;--awb-spacing-right-large:1.92%;--awb-margin-bottom-large:30px;--awb-spacing-left-large:1.92%;--awb-width-medium:100%;--awb-order-medium:0;--awb-spacing-right-medium:1.92%;--awb-spacing-left-medium:1.92%;--awb-width-small:100%;--awb-order-small:0;--awb-spacing-right-small:1.92%;--awb-spacing-left-small:1.92%;\"><div class=\"fusion-column-wrapper fusion-column-has-shadow fusion-flex-justify-content-flex-start fusion-content-layout-column\"><div class=\"fusion-separator fusion-full-width-sep\" style=\"align-self: center;margin-left: auto;margin-right: auto;margin-top:10px;margin-bottom:10px;width:100%;\"><\/div><div class=\"fusion-separator fusion-full-width-sep\" style=\"align-self: center;margin-left: auto;margin-right: auto;margin-top:10px;margin-bottom:10px;width:100%;\"><\/div><div class=\"fusion-text fusion-text-3\"><h3 dir=\"ltr\" data-pm-slice=\"1 3 &#091;&#093;\">Anspruch<\/h3>\n<p dir=\"ltr\">Sie haben Anspruch auf den Gesundheits-Check-up: einmalig von 18\u201334 Jahren, ab 35 alle drei Jahre.<\/p>\n<p dir=\"ltr\">Wenn Sie nicht wissen, ob der Check-up bereits abgerechnet wurde, wenden Sie sich bitte an Ihre Krankenkasse. Sie kann Ihnen Auskunft dar\u00fcber geben, ob die Leistung f\u00fcr Sie verzeichnet ist. Fordern Sie eine \u00dcbersicht Ihrer Leistungen an oder sehen Sie in Ihrem Online-Konto nach (falls verf\u00fcgbar).<\/p>\n<p dir=\"ltr\"><strong>Zusatzinformation:<\/strong><\/p>\n<p dir=\"ltr\">Der gesetzliche Gesundheits-Check-up wird ab 35 Jahren alle drei Jahre von den Krankenkassen \u00fcbernommen. Diese Vorgabe gilt f\u00fcr Personen ohne Vorerkrankungen oder aktuelle Beschwerden. Blutuntersuchungen d\u00fcrfen nicht \u201eeinfach so\u201c gemacht werden \u2013 es muss ein medizinischer Grund vorliegen.<\/p>\n<p dir=\"ltr\">Selbstverst\u00e4ndlich k\u00f6nnen Sie bei uns auch privat bestimmte Blutwerte bestimmen lassen \u2013 etwa Vitamine, Mineralstoffe oder individuelle Gesundheitsparameter. Wir berechnen die Praxisleistung f\u00fcr die Blutentnahme, die eigentliche Analyse erfolgt \u00fcber unser Partnerlabor. Die Rechnung f\u00fcr die Laboruntersuchung erhalten Sie direkt vom Labor.<\/p>\n<p dir=\"ltr\">Gerne senden wir Ihnen zur Orientierung vorab die aktuelle Preisliste unseres Partnerlabors.<br \/>\nBitte beachten Sie, dass es sich hierbei um Privatleistungen handelt, die <strong>nicht<\/strong> von der gesetzlichen Krankenkasse \u00fcbernommen werden.<\/p>\n<\/div><\/div><\/div><\/div><\/div>","protected":false},"excerpt":{"rendered":"","protected":false},"author":1,"featured_media":0,"parent":0,"menu_order":9,"comment_status":"closed","ping_status":"closed","template":"","meta":{"_monsterinsights_skip_tracking":false,"_monsterinsights_sitenote_active":false,"_monsterinsights_sitenote_note":"","_monsterinsights_sitenote_category":0,"footnotes":""},"class_list":["post-13088","page","type-page","status-publish","hentry"],"amp_enabled":true,"_links":{"self":[{"href":"https:\/\/mvz-kreuzberg.de\/en\/wp-json\/wp\/v2\/pages\/13088","targetHints":{"allow":["GET"]}}],"collection":[{"href":"https:\/\/mvz-kreuzberg.de\/en\/wp-json\/wp\/v2\/pages"}],"about":[{"href":"https:\/\/mvz-kreuzberg.de\/en\/wp-json\/wp\/v2\/types\/page"}],"author":[{"embeddable":true,"href":"https:\/\/mvz-kreuzberg.de\/en\/wp-json\/wp\/v2\/users\/1"}],"replies":[{"embeddable":true,"href":"https:\/\/mvz-kreuzberg.de\/en\/wp-json\/wp\/v2\/comments?post=13088"}],"version-history":[{"count":8,"href":"https:\/\/mvz-kreuzberg.de\/en\/wp-json\/wp\/v2\/pages\/13088\/revisions"}],"predecessor-version":[{"id":13382,"href":"https:\/\/mvz-kreuzberg.de\/en\/wp-json\/wp\/v2\/pages\/13088\/revisions\/13382"}],"wp:attachment":[{"href":"https:\/\/mvz-kreuzberg.de\/en\/wp-json\/wp\/v2\/media?parent=13088"}],"curies":[{"name":"wp","href":"https:\/\/api.w.org\/{rel}","templated":true}]}}