{"id":12844,"date":"2025-07-11T18:26:18","date_gmt":"2025-07-11T17:26:18","guid":{"rendered":"https:\/\/mvz-kreuzberg.de\/?page_id=12844"},"modified":"2025-11-05T12:43:17","modified_gmt":"2025-11-05T11:43:17","slug":"eau","status":"publish","type":"page","link":"https:\/\/mvz-kreuzberg.de\/en\/digitaleanfrage\/eau","title":{"rendered":"Arbeitsunf\u00e4higkeitsbescheinigung"},"content":{"rendered":"<p><div class=\"fusion-fullwidth fullwidth-box fusion-builder-row-1 fusion-flex-container has-pattern-background has-mask-background nonhundred-percent-fullwidth non-hundred-percent-height-scrolling\" style=\"--awb-border-radius-top-left:0px;--awb-border-radius-top-right:0px;--awb-border-radius-bottom-right:0px;--awb-border-radius-bottom-left:0px;--awb-flex-wrap:wrap;\" ><div class=\"fusion-builder-row fusion-row fusion-flex-align-items-flex-start fusion-flex-content-wrap\" style=\"max-width:1216.8px;margin-left: calc(-4% \/ 2 );margin-right: calc(-4% \/ 2 );\"><div class=\"fusion-layout-column fusion_builder_column fusion-builder-column-0 fusion_builder_column_1_1 1_1 fusion-flex-column\" style=\"--awb-bg-size:cover;--awb-width-large:100%;--awb-margin-top-large:0px;--awb-spacing-right-large:1.92%;--awb-margin-bottom-large:30px;--awb-spacing-left-large:1.92%;--awb-width-medium:100%;--awb-order-medium:0;--awb-spacing-right-medium:1.92%;--awb-spacing-left-medium:1.92%;--awb-width-small:100%;--awb-order-small:0;--awb-spacing-right-small:1.92%;--awb-spacing-left-small:1.92%;\"><div class=\"fusion-column-wrapper fusion-column-has-shadow fusion-flex-justify-content-flex-start fusion-content-layout-column\"><div class=\"fusion-separator fusion-full-width-sep\" style=\"align-self: center;margin-left: auto;margin-right: auto;margin-top:109px;width:100%;\"><\/div><div class=\"fusion-title title fusion-title-1 fusion-no-small-visibility fusion-sep-none fusion-title-text fusion-title-size-two\"><h2 class=\"fusion-title-heading title-heading-left fusion-responsive-typography-calculated\" style=\"margin:0;--fontSize:46;line-height:1.25;\">elektronische Arbeitsunf\u00e4higkeitsbescheinigung (eAU)<\/h2><\/div><div class=\"fusion-title title fusion-title-2 fusion-no-medium-visibility fusion-no-large-visibility fusion-sep-none fusion-title-text fusion-title-size-two\"><h2 class=\"fusion-title-heading title-heading-left fusion-responsive-typography-calculated\" style=\"margin:0;--fontSize:46;line-height:1.25;\">elektronische Arbeitsunf\u00e4higkeits-bescheinigung (eAU)<\/h2><\/div><div class=\"fusion-separator fusion-full-width-sep\" style=\"align-self: center;margin-left: auto;margin-right: auto;margin-top:10px;margin-bottom:10px;width:100%;\"><\/div><div class=\"fusion-text fusion-text-1\"><p dir=\"ltr\">Nutzen Sie unsere offene Sprechstunde zwischen 9:00 -10:00 Uhr, um bei akuten Beschwerden ohne Termin in die Praxis zu kommen.<\/p>\n<p dir=\"ltr\"><strong>Bei bekannten Beschwerden k\u00f6nnen wir die Arbeitsunf\u00e4higkeitsbescheinigung auch ohne pers\u00f6nlichen Kontakt ausstellen, sofern wir alle notwendigen Informationen erhalten haben.<\/strong> Beachten Sie bitte, dass es sich hierbei um eine Anfrage handelt, die je nach Ermessen auch abgelehnt werden kann und wir Sie zur Untersuchung in die Praxis bestellen.<\/p>\n<p dir=\"ltr\">Damit wir Ihre Anfrage an unseren Arzt weiterleiten k\u00f6nnen, bitten wir Sie, unseren Fragebogen online auszuf\u00fcllen.<\/p>\n<p dir=\"ltr\"><em>Beachten Sie, dass es aufgrund von Personalengp\u00e4ssen zu einer Bearbeitungszeit von 8-12 Stunden kommen kann. Wir bitten Sie daher, von Nachfragen zum Bearbeitungsstand abzusehen.<\/em><\/p>\n<p dir=\"ltr\">Vielen Dank<\/p>\n<\/div><\/div><\/div><\/div><\/div><div class=\"fusion-fullwidth fullwidth-box fusion-builder-row-2 fusion-flex-container has-pattern-background has-mask-background nonhundred-percent-fullwidth non-hundred-percent-height-scrolling\" style=\"--awb-border-radius-top-left:0px;--awb-border-radius-top-right:0px;--awb-border-radius-bottom-right:0px;--awb-border-radius-bottom-left:0px;--awb-flex-wrap:wrap;\" ><div class=\"fusion-builder-row fusion-row fusion-flex-align-items-flex-start fusion-flex-content-wrap\" style=\"max-width:1216.8px;margin-left: calc(-4% \/ 2 );margin-right: calc(-4% \/ 2 );\"><div class=\"fusion-layout-column fusion_builder_column fusion-builder-column-1 fusion_builder_column_1_3 1_3 fusion-flex-column fusion-flex-align-self-stretch\" style=\"--awb-bg-size:cover;--awb-width-large:33.333333333333%;--awb-margin-top-large:0px;--awb-spacing-right-large:5.76%;--awb-margin-bottom-large:30px;--awb-spacing-left-large:5.76%;--awb-width-medium:33.333333333333%;--awb-order-medium:0;--awb-spacing-right-medium:5.76%;--awb-spacing-left-medium:5.76%;--awb-width-small:100%;--awb-order-small:0;--awb-spacing-right-small:1.92%;--awb-spacing-left-small:1.92%;\" data-scroll-devices=\"small-visibility,medium-visibility,large-visibility\"><div class=\"fusion-column-wrapper fusion-column-has-shadow fusion-flex-justify-content-flex-start fusion-content-layout-column\"><div style=\"text-align:center;\"><a class=\"fusion-button button-flat button-xlarge button-custom fusion-button-default button-1 fusion-button-span-yes\" style=\"--button_accent_color:var(--awb-custom17);--button_border_color:var(--awb-custom17);--button_accent_hover_color:#007395;--button_border_hover_color:#007395;--button_border_width-top:1px;--button_border_width-right:1px;--button_border_width-bottom:1px;--button_border_width-left:1px;--button-border-radius-top-left:4px;--button-border-radius-top-right:4px;--button-border-radius-bottom-right:4px;--button-border-radius-bottom-left:4px;--button_gradient_top_color:var(--awb-color1);--button_gradient_bottom_color:var(--awb-color1);--button_gradient_top_color_hover:#ffffff;--button_gradient_bottom_color_hover:#ffffff;--button_text_transform:none;\" target=\"_blank\" rel=\"noopener noreferrer\" href=\"https:\/\/fragebogen.mvz-kreuzberg.de\/app\/?c=eJxVzLsOgjAARuFXUa4JiRC20hfQWZ3c6CUdCFr+0qa0pr66ODqdfMtxjPuzS\/LhDRouGXq16\/5TeAYY95oE5AjJZJw+nCtxImSRTsN6jW0I40zfEmy2kHowIE4lErxhEXtsiuidEElvf0vleMLGJ2OKpa3ymtq6Lmm+Zi3t8qqj5YpjmxWHEkXVR7+6iMbgcrt+AaWFQIU=\"><span class=\"fusion-button-text awb-button__text awb-button__text--default\">eAU anfragen<\/span><\/a><\/div><\/div><\/div><\/div><\/div><\/p>","protected":false},"excerpt":{"rendered":"","protected":false},"author":1,"featured_media":0,"parent":12722,"menu_order":1,"comment_status":"closed","ping_status":"closed","template":"","meta":{"_monsterinsights_skip_tracking":false,"_monsterinsights_sitenote_active":false,"_monsterinsights_sitenote_note":"","_monsterinsights_sitenote_category":0,"footnotes":""},"class_list":["post-12844","page","type-page","status-publish","hentry"],"amp_enabled":true,"_links":{"self":[{"href":"https:\/\/mvz-kreuzberg.de\/en\/wp-json\/wp\/v2\/pages\/12844","targetHints":{"allow":["GET"]}}],"collection":[{"href":"https:\/\/mvz-kreuzberg.de\/en\/wp-json\/wp\/v2\/pages"}],"about":[{"href":"https:\/\/mvz-kreuzberg.de\/en\/wp-json\/wp\/v2\/types\/page"}],"author":[{"embeddable":true,"href":"https:\/\/mvz-kreuzberg.de\/en\/wp-json\/wp\/v2\/users\/1"}],"replies":[{"embeddable":true,"href":"https:\/\/mvz-kreuzberg.de\/en\/wp-json\/wp\/v2\/comments?post=12844"}],"version-history":[{"count":7,"href":"https:\/\/mvz-kreuzberg.de\/en\/wp-json\/wp\/v2\/pages\/12844\/revisions"}],"predecessor-version":[{"id":13161,"href":"https:\/\/mvz-kreuzberg.de\/en\/wp-json\/wp\/v2\/pages\/12844\/revisions\/13161"}],"up":[{"embeddable":true,"href":"https:\/\/mvz-kreuzberg.de\/en\/wp-json\/wp\/v2\/pages\/12722"}],"wp:attachment":[{"href":"https:\/\/mvz-kreuzberg.de\/en\/wp-json\/wp\/v2\/media?parent=12844"}],"curies":[{"name":"wp","href":"https:\/\/api.w.org\/{rel}","templated":true}]}}