{"id":11074,"date":"2024-08-16T09:00:52","date_gmt":"2024-08-16T08:00:52","guid":{"rendered":"https:\/\/mvz-kreuzberg.de\/?page_id=11074"},"modified":"2026-02-07T13:45:25","modified_gmt":"2026-02-07T12:45:25","slug":"aktualisierung-patientenakte","status":"publish","type":"page","link":"https:\/\/mvz-kreuzberg.de\/en\/aktualisierung-patientenakte","title":{"rendered":"Aktualisierung Patientenakte"},"content":{"rendered":"<div class=\"fusion-fullwidth fullwidth-box fusion-builder-row-1 fusion-flex-container nonhundred-percent-fullwidth non-hundred-percent-height-scrolling\" style=\"--awb-border-radius-top-left:0px;--awb-border-radius-top-right:0px;--awb-border-radius-bottom-right:0px;--awb-border-radius-bottom-left:0px;--awb-flex-wrap:wrap;\" ><div class=\"fusion-builder-row fusion-row fusion-flex-align-items-flex-start fusion-flex-content-wrap\" style=\"max-width:1216.8px;margin-left: calc(-4% \/ 2 );margin-right: calc(-4% \/ 2 );\"><div class=\"fusion-layout-column fusion_builder_column fusion-builder-column-0 fusion_builder_column_1_1 1_1 fusion-flex-column\" style=\"--awb-bg-blend:overlay;--awb-bg-size:cover;--awb-width-large:100%;--awb-margin-top-large:0px;--awb-spacing-right-large:1.92%;--awb-margin-bottom-large:0px;--awb-spacing-left-large:1.92%;--awb-width-medium:100%;--awb-spacing-right-medium:1.92%;--awb-spacing-left-medium:1.92%;--awb-width-small:100%;--awb-spacing-right-small:1.92%;--awb-spacing-left-small:1.92%;\"><div class=\"fusion-column-wrapper fusion-flex-justify-content-flex-start fusion-content-layout-column\"><div class=\"fusion-separator fusion-full-width-sep\" style=\"align-self: center;margin-left: auto;margin-right: auto;margin-top:109px;width:100%;\"><\/div><div class=\"fusion-text fusion-text-1\"><h2>Liebe Patientin, lieber Patient,<\/h2>\n<p>um sicherzustellen, dass wir Ihnen die bestm\u00f6gliche medizinische Versorgung bieten k\u00f6nnen, ist es wichtig, dass Ihre Patientenakte stets auf dem neuesten Stand ist. Daher bitten wir Sie, den folgenden Fragebogen zur Aktualisierung Ihrer Daten auszuf\u00fcllen. Dies hilft uns, Ihre Kontakt- und Gesundheitsinformationen korrekt und vollst\u00e4ndig zu halten, sodass wir effektiv auf Ihre Bed\u00fcrfnisse eingehen k\u00f6nnen.<\/p>\n<p>Vielen Dank f\u00fcr Ihre Mitarbeit.<\/p>\n<p><!-- notionvc: 230a24e9-9946-46e5-b60d-7aa3c8cf95f9 --><\/p>\n<\/div><div class=\"fusion-separator fusion-full-width-sep\" style=\"align-self: center;margin-left: auto;margin-right: auto;margin-top:109px;width:100%;\"><\/div><div style=\"text-align:center;\"><a class=\"fusion-button button-flat button-xlarge button-custom fusion-button-default button-1 fusion-button-span-yes\" style=\"--button_accent_color:#ffffff;--button_border_color:rgba(255,255,255,0);--button_accent_hover_color:#007395;--button_border_hover_color:#007395;--button_border_width-top:1px;--button_border_width-right:1px;--button_border_width-bottom:1px;--button_border_width-left:1px;--button_gradient_top_color:#057293;--button_gradient_bottom_color:#057293;--button_gradient_top_color_hover:#ffffff;--button_gradient_bottom_color_hover:#ffffff;\" target=\"_blank\" rel=\"noopener noreferrer\" href=\"https:\/\/fragebogen.mvz-kreuzberg.de\/app\/?c=eJxVzL0OgjAYRuF7UcGERAhb6Q3orE5u9CcdCNp+pW9Ka+qti6PTybMcCBnPKPoRPTVSC+rNpvtP6ZnI4zUp0iNpofP0kdKoE2NOw1KIltYhjTN\/axJzIG0HTwymsBS9yLQllEw9lCp2\/VsayEKrnOqurdAeHe9CB74HdhzOeY6AaqGqPgCuz3FBpsbT5Xb9Au9OQ7Y=\"><span class=\"fusion-button-text awb-button__text awb-button__text--default\">Jetzt ausf\u00fcllen<\/span><\/a><\/div><div class=\"fusion-separator fusion-full-width-sep\" style=\"align-self: center;margin-left: auto;margin-right: auto;margin-top:109px;width:100%;\"><\/div><div class=\"fusion-separator fusion-full-width-sep\" style=\"align-self: center;margin-left: auto;margin-right: auto;margin-top:109px;width:100%;\"><\/div><\/div><\/div><\/div><\/div>","protected":false},"excerpt":{"rendered":"","protected":false},"author":6,"featured_media":0,"parent":0,"menu_order":10,"comment_status":"closed","ping_status":"closed","template":"","meta":{"_monsterinsights_skip_tracking":false,"_monsterinsights_sitenote_active":false,"_monsterinsights_sitenote_note":"","_monsterinsights_sitenote_category":0,"footnotes":""},"class_list":["post-11074","page","type-page","status-publish","hentry"],"amp_enabled":true,"_links":{"self":[{"href":"https:\/\/mvz-kreuzberg.de\/en\/wp-json\/wp\/v2\/pages\/11074","targetHints":{"allow":["GET"]}}],"collection":[{"href":"https:\/\/mvz-kreuzberg.de\/en\/wp-json\/wp\/v2\/pages"}],"about":[{"href":"https:\/\/mvz-kreuzberg.de\/en\/wp-json\/wp\/v2\/types\/page"}],"author":[{"embeddable":true,"href":"https:\/\/mvz-kreuzberg.de\/en\/wp-json\/wp\/v2\/users\/6"}],"replies":[{"embeddable":true,"href":"https:\/\/mvz-kreuzberg.de\/en\/wp-json\/wp\/v2\/comments?post=11074"}],"version-history":[{"count":5,"href":"https:\/\/mvz-kreuzberg.de\/en\/wp-json\/wp\/v2\/pages\/11074\/revisions"}],"predecessor-version":[{"id":11183,"href":"https:\/\/mvz-kreuzberg.de\/en\/wp-json\/wp\/v2\/pages\/11074\/revisions\/11183"}],"wp:attachment":[{"href":"https:\/\/mvz-kreuzberg.de\/en\/wp-json\/wp\/v2\/media?parent=11074"}],"curies":[{"name":"wp","href":"https:\/\/api.w.org\/{rel}","templated":true}]}}